{"id":22,"date":"2023-09-22T16:29:10","date_gmt":"2023-09-22T16:29:10","guid":{"rendered":"http:\/\/biorami.com\/?page_id=22"},"modified":"2024-03-12T21:49:38","modified_gmt":"2024-03-12T20:49:38","slug":"about","status":"publish","type":"page","link":"https:\/\/biorami.com\/?page_id=22","title":{"rendered":"O Nas"},"content":{"rendered":"<p><div class=\"fusion-fullwidth fullwidth-box fusion-builder-row-1 fusion-flex-container has-pattern-background has-mask-background fusion-parallax-none nonhundred-percent-fullwidth non-hundred-percent-height-scrolling lazyload\" style=\"--awb-background-position:center top;--awb-border-radius-top-left:0px;--awb-border-radius-top-right:0px;--awb-border-radius-bottom-right:0px;--awb-border-radius-bottom-left:0px;--awb-padding-top:140px;--awb-padding-right:0px;--awb-padding-bottom:0px;--awb-padding-left:0px;--awb-padding-top-small:60px;--awb-background-size:cover;--awb-flex-wrap:wrap;\" data-bg=\"http:\/\/biorami.com\/wp-content\/uploads\/2024\/02\/bg_biorami.svg\" ><div class=\"fusion-builder-row fusion-row fusion-flex-align-items-stretch fusion-flex-justify-content-center fusion-flex-content-wrap\" style=\"max-width:calc( 1220px + 0px );margin-left: calc(-0px \/ 2 );margin-right: calc(-0px \/ 2 );\"><div class=\"fusion-layout-column fusion_builder_column fusion-builder-column-0 fusion_builder_column_4_5 4_5 fusion-flex-column fusion-animated\" style=\"--awb-bg-size:cover;--awb-width-large:80%;--awb-margin-top-large:0px;--awb-spacing-right-large:0px;--awb-margin-bottom-large:105px;--awb-spacing-left-large:0px;--awb-width-medium:80%;--awb-order-medium:0;--awb-spacing-right-medium:0px;--awb-spacing-left-medium:0px;--awb-width-small:100%;--awb-order-small:0;--awb-spacing-right-small:0px;--awb-margin-bottom-small:70px;--awb-spacing-left-small:0px;\" data-animationType=\"fadeInUp\" data-animationDuration=\"1.3\" data-animationOffset=\"top-into-view\"><div class=\"fusion-column-wrapper fusion-column-has-shadow fusion-flex-justify-content-flex-start fusion-content-layout-column\"><div class=\"fusion-title title fusion-title-1 fusion-no-small-visibility fusion-no-medium-visibility fusion-sep-none fusion-title-center fusion-title-text fusion-title-size-one\" style=\"--awb-text-color:var(--awb-color1);--awb-margin-top:0px;\"><h1 class=\"fusion-title-heading title-heading-center fusion-responsive-typography-calculated\" style=\"margin:0;--fontSize:68;line-height:var(--awb-typography1-line-height);\">Mark\u0119 BIORAMI tworz\u0105<\/h1><\/div><div class=\"fusion-title title fusion-title-2 fusion-no-large-visibility fusion-sep-none fusion-title-center fusion-title-text fusion-title-size-one\" style=\"--awb-text-color:var(--awb-color1);--awb-margin-top:0px;--awb-font-size:48px;\"><h1 class=\"fusion-title-heading title-heading-center fusion-responsive-typography-calculated\" style=\"margin:0;font-size:1em;--fontSize:48;line-height:var(--awb-typography1-line-height);\">Mark\u0119 BIORAMI tworz\u0105<\/h1><\/div><div class=\"fusion-text fusion-text-1 fusion-text-no-margin\" style=\"--awb-content-alignment:center;--awb-text-color:var(--awb-color1);--awb-margin-right:15%;--awb-margin-left:15%;\"><p>ludzie zafascynowani produktami pochodz\u0105cymi z ro\u015blin zielarskich i w\u0142\u00f3kien naturalnych, ale tylko tych pozyskiwanych w spos\u00f3b, dzi\u0119ki kt\u00f3remu nie trac\u0105 swych dobroczynnych w\u0142a\u015bciwo\u015bci.<\/p>\n<\/div><\/div><\/div><div class=\"fusion-layout-column fusion_builder_column fusion-builder-column-1 fusion_builder_column_1_1 1_1 fusion-flex-column fusion-animated\" style=\"--awb-bg-size:cover;--awb-width-large:100%;--awb-margin-top-large:0px;--awb-spacing-right-large:0px;--awb-margin-bottom-large:-80px;--awb-spacing-left-large:0px;--awb-width-medium:100%;--awb-order-medium:0;--awb-spacing-right-medium:0px;--awb-margin-bottom-medium:0;--awb-spacing-left-medium:0px;--awb-width-small:100%;--awb-order-small:1;--awb-spacing-right-small:0px;--awb-margin-bottom-small:0;--awb-spacing-left-small:0px;\" data-animationType=\"fadeInUp\" data-animationDuration=\"1.3\" data-animationOffset=\"top-into-view\"><div class=\"fusion-column-wrapper fusion-column-has-shadow fusion-flex-justify-content-flex-start fusion-content-layout-column\"><div class=\"fusion-image-element \" style=\"--awb-caption-title-font-family:var(--h2_typography-font-family);--awb-caption-title-font-weight:var(--h2_typography-font-weight);--awb-caption-title-font-style:var(--h2_typography-font-style);--awb-caption-title-size:var(--h2_typography-font-size);--awb-caption-title-transform:var(--h2_typography-text-transform);--awb-caption-title-line-height:var(--h2_typography-line-height);--awb-caption-title-letter-spacing:var(--h2_typography-letter-spacing);\"><span class=\" fusion-imageframe imageframe-none imageframe-1 hover-type-none\"><img decoding=\"async\" width=\"1920\" height=\"1102\" title=\"biorami_004\" src=\"https:\/\/biorami.com\/wp-content\/uploads\/2024\/02\/biorami_004.jpg\" data-orig-src=\"http:\/\/biorami.com\/wp-content\/uploads\/2024\/02\/biorami_004.jpg\" alt class=\"lazyload img-responsive wp-image-1042\" srcset=\"data:image\/svg+xml,%3Csvg%20xmlns%3D%27http%3A%2F%2Fwww.w3.org%2F2000%2Fsvg%27%20width%3D%271920%27%20height%3D%271102%27%20viewBox%3D%270%200%201920%201102%27%3E%3Crect%20width%3D%271920%27%20height%3D%271102%27%20fill-opacity%3D%220%22%2F%3E%3C%2Fsvg%3E\" data-srcset=\"https:\/\/biorami.com\/wp-content\/uploads\/2024\/02\/biorami_004-200x115.jpg 200w, https:\/\/biorami.com\/wp-content\/uploads\/2024\/02\/biorami_004-400x230.jpg 400w, https:\/\/biorami.com\/wp-content\/uploads\/2024\/02\/biorami_004-600x344.jpg 600w, https:\/\/biorami.com\/wp-content\/uploads\/2024\/02\/biorami_004-800x459.jpg 800w, https:\/\/biorami.com\/wp-content\/uploads\/2024\/02\/biorami_004-1200x689.jpg 1200w, https:\/\/biorami.com\/wp-content\/uploads\/2024\/02\/biorami_004.jpg 1920w\" data-sizes=\"auto\" data-orig-sizes=\"(max-width: 640px) 100vw, 1920px\" \/><\/span><\/div><\/div><\/div><\/div><\/div><div id=\"down\" class=\"fusion-container-anchor\"><div class=\"fusion-fullwidth fullwidth-box fusion-builder-row-2 fusion-flex-container has-pattern-background has-mask-background nonhundred-percent-fullwidth non-hundred-percent-height-scrolling\" style=\"--awb-border-radius-top-left:0px;--awb-border-radius-top-right:0px;--awb-border-radius-bottom-right:0px;--awb-border-radius-bottom-left:0px;--awb-padding-top:230px;--awb-padding-bottom:150px;--awb-padding-top-medium:70px;--awb-padding-bottom-medium:70px;--awb-margin-bottom:0px;--awb-background-color:var(--awb-color2);--awb-flex-wrap:wrap;\" ><div class=\"fusion-builder-row fusion-row fusion-flex-align-items-center fusion-flex-content-wrap\" style=\"max-width:1268.8px;margin-left: calc(-4% \/ 2 );margin-right: calc(-4% \/ 2 );\"><div class=\"fusion-layout-column fusion_builder_column fusion-builder-column-2 fusion-flex-column fusion-animated\" style=\"--awb-padding-left-medium:40px;--awb-bg-size:cover;--awb-width-large:47%;--awb-margin-top-large:0px;--awb-spacing-right-large:14.297872340426%;--awb-margin-bottom-large:0px;--awb-spacing-left-large:4.0851063829787%;--awb-width-medium:47%;--awb-order-medium:0;--awb-spacing-right-medium:14.297872340426%;--awb-spacing-left-medium:4.0851063829787%;--awb-width-small:100%;--awb-order-small:1;--awb-spacing-right-small:1.92%;--awb-margin-bottom-small:50px;--awb-spacing-left-small:1.92%;\" data-animationType=\"fadeInUp\" data-animationDuration=\"1.3\" data-animationOffset=\"top-into-view\"><div class=\"fusion-column-wrapper fusion-column-has-shadow fusion-flex-justify-content-flex-start fusion-content-layout-column\"><div class=\"fusion-title title fusion-title-3 fusion-no-small-visibility fusion-no-medium-visibility fusion-sep-none fusion-title-text fusion-title-size-two\" style=\"--awb-text-color:var(--awb-color7);--awb-margin-top:0px;--awb-margin-bottom:28px;\"><h2 class=\"fusion-title-heading title-heading-left fusion-responsive-typography-calculated\" style=\"margin:0;--fontSize:50;line-height:var(--awb-typography1-line-height);\">W ro\u015blinach  dostrzegaj\u0105 ogromny potencja\u0142<\/h2><\/div><div class=\"fusion-title title fusion-title-4 fusion-no-large-visibility fusion-sep-none fusion-title-text fusion-title-size-two\" style=\"--awb-margin-bottom:28px;--awb-font-size:36px;\"><h2 class=\"fusion-title-heading title-heading-left fusion-responsive-typography-calculated\" style=\"margin:0;font-size:1em;--fontSize:36;line-height:var(--awb-typography1-line-height);\">W ro\u015blinach dostrzegaj\u0105 ogromny potencja\u0142<\/h2><\/div><div class=\"fusion-text fusion-text-2\" style=\"--awb-text-color:var(--awb-color8);\"><p>\u015awiadome swojej misji, postanowi\u0142y dzieli\u0107 si\u0119 z innymi odkrytymi przez siebie produktami naturalnymi, adresowanymi do os\u00f3b \u017cyj\u0105cych \u015bwiadomie i w zgodzie z natur\u0105. Pomys\u0142 ten zrodzi\u0142 si\u0119 w wyniku przesycenia rynku obietnicami eko-produkt\u00f3w, kt\u00f3re niestety w ogromnej mierze nie s\u0105 produktami b\u0119d\u0105cymi tak blisko natury jakby\u015bmy chcieli. G\u0142\u00f3wnie s\u0105 to produkty, kt\u00f3rych wytworzenie nie odbywa si\u0119 w spos\u00f3b w\u0142a\u015bciwy, przez co ro\u015bliny trac\u0105 wiele swoich dobroczynnych w\u0142a\u015bciwo\u015bci.<br \/>\nOferowane przez nas produkty to \u015bci\u015ble wyselekcjonowane grono. W\u0142a\u015bnie dlatego lista naszych produkt\u00f3w jest dosy\u0107 w\u0105ska, jednak stopniowo b\u0119dzie si\u0119 powi\u0119ksza\u0107.<\/p>\n<\/div><div ><a class=\"fusion-button button-flat fusion-button-default-size button-custom fusion-button-default button-1 fusion-button-default-span fusion-button-default-type\" style=\"--button_accent_color:var(--awb-color1);--button_border_color:var(--awb-color6);--button_accent_hover_color:var(--awb-color1);--button_border_hover_color:var(--awb-color5);--button_border_width-top:2px;--button_border_width-right:2px;--button_border_width-bottom:2px;--button_border_width-left:2px;--button_gradient_top_color:var(--awb-color6);--button_gradient_bottom_color:var(--awb-color6);--button_gradient_top_color_hover:var(--awb-color5);--button_gradient_bottom_color_hover:var(--awb-color5);--button_text_transform:var(--awb-typography3-text-transform);--button_font_size:14px;--button_line_height:var(--awb-typography3-line-height);--button_typography-letter-spacing:var(--awb-typography3-letter-spacing);--button_typography-font-family:var(--awb-typography3-font-family);--button_typography-font-weight:var(--awb-typography3-font-weight);--button_typography-font-style:var(--awb-typography3-font-style);--button_margin-top:30px;\" target=\"_self\" data-hover=\"text_slide_up\" href=\"http:\/\/biorami.com\/?page_id=1112\"><div class=\"awb-button-text-transition\"><span class=\"fusion-button-text\">Nasze Produkty<\/span><span class=\"fusion-button-text\">Nasze Produkty<\/span><\/div><\/a><\/div><\/div><\/div><div class=\"fusion-layout-column fusion_builder_column fusion-builder-column-3 fusion-flex-column\" style=\"--awb-padding-right-medium:40px;--awb-padding-right-small:110px;--awb-padding-left-small:0px;--awb-bg-size:cover;--awb-width-large:53%;--awb-margin-top-large:0px;--awb-spacing-right-large:3.622641509434%;--awb-margin-bottom-large:0px;--awb-spacing-left-large:0%;--awb-width-medium:53%;--awb-order-medium:0;--awb-spacing-right-medium:3.622641509434%;--awb-spacing-left-medium:0%;--awb-width-small:100%;--awb-order-small:0;--awb-spacing-right-small:1.92%;--awb-margin-bottom-small:95px;--awb-spacing-left-small:1.92%;\"><div class=\"fusion-column-wrapper fusion-column-has-shadow fusion-flex-justify-content-flex-start fusion-content-layout-column\"><div class=\"fusion-builder-row fusion-builder-row-inner fusion-row fusion-flex-align-items-center fusion-flex-content-wrap\" style=\"width:104% !important;max-width:104% !important;margin-left: calc(-4% \/ 2 );margin-right: calc(-4% \/ 2 );\"><div class=\"fusion-layout-column fusion_builder_column_inner fusion-builder-nested-column-0 fusion_builder_column_inner_1_2 1_2 fusion-flex-column\" style=\"--awb-z-index:9;--awb-bg-size:cover;--awb-transform:translateX(100px) translateY(61px);--awb-transform-hover:translateX(100px) translateY(61px);--awb-width-large:50%;--awb-margin-top-large:0px;--awb-spacing-right-large:3.84%;--awb-margin-bottom-large:0px;--awb-spacing-left-large:3.84%;--awb-width-medium:50%;--awb-order-medium:0;--awb-spacing-right-medium:3.84%;--awb-spacing-left-medium:3.84%;--awb-width-small:50%;--awb-order-small:0;--awb-spacing-right-small:3.84%;--awb-spacing-left-small:3.84%;\" data-motion-effects=\"[{&quot;type&quot;:&quot;scroll&quot;},{&quot;type&quot;:&quot;scroll&quot;,&quot;scroll_type&quot;:&quot;rotate&quot;,&quot;end_rotate&quot;:&quot;-5&quot;}]\" data-scroll-devices=\"medium-visibility,large-visibility\"><div class=\"fusion-column-wrapper fusion-column-has-shadow fusion-flex-justify-content-flex-start fusion-content-layout-column\"><div class=\"fusion-image-element \" style=\"--awb-aspect-ratio: 100 \/ 134;--awb-caption-title-font-family:var(--h2_typography-font-family);--awb-caption-title-font-weight:var(--h2_typography-font-weight);--awb-caption-title-font-style:var(--h2_typography-font-style);--awb-caption-title-size:var(--h2_typography-font-size);--awb-caption-title-transform:var(--h2_typography-text-transform);--awb-caption-title-line-height:var(--h2_typography-line-height);--awb-caption-title-letter-spacing:var(--h2_typography-letter-spacing);\"><span class=\" fusion-imageframe imageframe-none imageframe-2 hover-type-none has-aspect-ratio\"><img decoding=\"async\" width=\"632\" height=\"820\" title=\"info-13\" src=\"data:image\/svg+xml,%3Csvg%20xmlns%3D%27http%3A%2F%2Fwww.w3.org%2F2000%2Fsvg%27%20width%3D%27632%27%20height%3D%27820%27%20viewBox%3D%270%200%20632%20820%27%3E%3Crect%20width%3D%27632%27%20height%3D%27820%27%20fill-opacity%3D%220%22%2F%3E%3C%2Fsvg%3E\" data-orig-src=\"http:\/\/biorami.com\/wp-content\/uploads\/2023\/10\/info-13.jpg\" class=\"lazyload img-responsive wp-image-299 img-with-aspect-ratio\" alt \/><\/span><\/div><\/div><\/div><div class=\"fusion-layout-column fusion_builder_column_inner fusion-builder-nested-column-1 fusion_builder_column_inner_1_2 1_2 fusion-flex-column\" style=\"--awb-bg-size:cover;--awb-width-large:50%;--awb-margin-top-large:0px;--awb-spacing-right-large:3.84%;--awb-margin-bottom-large:0px;--awb-spacing-left-large:3.84%;--awb-width-medium:50%;--awb-order-medium:0;--awb-spacing-right-medium:3.84%;--awb-spacing-left-medium:3.84%;--awb-width-small:50%;--awb-order-small:0;--awb-spacing-right-small:3.84%;--awb-spacing-left-small:3.84%;\" data-motion-effects=\"[{&quot;type&quot;:&quot;scroll&quot;,&quot;scroll_direction&quot;:&quot;down&quot;},{&quot;type&quot;:&quot;scroll&quot;,&quot;scroll_type&quot;:&quot;rotate&quot;,&quot;end_rotate&quot;:&quot;5&quot;}]\" data-scroll-devices=\"medium-visibility,large-visibility\"><div class=\"fusion-column-wrapper fusion-column-has-shadow fusion-flex-justify-content-flex-start fusion-content-layout-column\"><div class=\"fusion-image-element \" style=\"--awb-aspect-ratio: 100 \/ 134;--awb-caption-title-font-family:var(--h2_typography-font-family);--awb-caption-title-font-weight:var(--h2_typography-font-weight);--awb-caption-title-font-style:var(--h2_typography-font-style);--awb-caption-title-size:var(--h2_typography-font-size);--awb-caption-title-transform:var(--h2_typography-text-transform);--awb-caption-title-line-height:var(--h2_typography-line-height);--awb-caption-title-letter-spacing:var(--h2_typography-letter-spacing);\"><span class=\" fusion-imageframe imageframe-none imageframe-3 hover-type-none has-aspect-ratio\"><img decoding=\"async\" width=\"632\" height=\"820\" title=\"info-14\" src=\"data:image\/svg+xml,%3Csvg%20xmlns%3D%27http%3A%2F%2Fwww.w3.org%2F2000%2Fsvg%27%20width%3D%27632%27%20height%3D%27820%27%20viewBox%3D%270%200%20632%20820%27%3E%3Crect%20width%3D%27632%27%20height%3D%27820%27%20fill-opacity%3D%220%22%2F%3E%3C%2Fsvg%3E\" data-orig-src=\"http:\/\/biorami.com\/wp-content\/uploads\/2023\/10\/info-14.jpg\" class=\"lazyload img-responsive wp-image-301 img-with-aspect-ratio\" alt \/><\/span><\/div><\/div><\/div><\/div><\/div><\/div><\/div><\/div><\/div><\/p>\n","protected":false},"excerpt":{"rendered":"","protected":false},"author":1,"featured_media":0,"parent":0,"menu_order":0,"comment_status":"closed","ping_status":"closed","template":"100-width.php","meta":{"footnotes":""},"class_list":["post-22","page","type-page","status-publish","hentry"],"yoast_head":"<!-- This site is optimized with the Yoast SEO plugin v24.0 - https:\/\/yoast.com\/wordpress\/plugins\/seo\/ -->\n<title>O Nas - BIORAMI<\/title>\n<meta name=\"robots\" content=\"index, follow, max-snippet:-1, max-image-preview:large, max-video-preview:-1\" \/>\n<link rel=\"canonical\" href=\"https:\/\/biorami.com\/?page_id=22\" \/>\n<meta property=\"og:locale\" content=\"pl_PL\" \/>\n<meta property=\"og:type\" content=\"article\" \/>\n<meta property=\"og:title\" content=\"O Nas - BIORAMI\" \/>\n<meta property=\"og:url\" content=\"https:\/\/biorami.com\/?page_id=22\" \/>\n<meta property=\"og:site_name\" content=\"BIORAMI\" \/>\n<meta property=\"article:modified_time\" content=\"2024-03-12T20:49:38+00:00\" \/>\n<meta name=\"twitter:card\" content=\"summary_large_image\" \/>\n<meta name=\"twitter:label1\" content=\"Szacowany czas czytania\" \/>\n\t<meta name=\"twitter:data1\" content=\"2 minuty\" \/>\n<script type=\"application\/ld+json\" class=\"yoast-schema-graph\">{\"@context\":\"https:\/\/schema.org\",\"@graph\":[{\"@type\":\"WebPage\",\"@id\":\"https:\/\/biorami.com\/?page_id=22\",\"url\":\"https:\/\/biorami.com\/?page_id=22\",\"name\":\"O Nas - BIORAMI\",\"isPartOf\":{\"@id\":\"https:\/\/biorami.com\/#website\"},\"datePublished\":\"2023-09-22T16:29:10+00:00\",\"dateModified\":\"2024-03-12T20:49:38+00:00\",\"breadcrumb\":{\"@id\":\"https:\/\/biorami.com\/?page_id=22#breadcrumb\"},\"inLanguage\":\"pl-PL\",\"potentialAction\":[{\"@type\":\"ReadAction\",\"target\":[\"https:\/\/biorami.com\/?page_id=22\"]}]},{\"@type\":\"BreadcrumbList\",\"@id\":\"https:\/\/biorami.com\/?page_id=22#breadcrumb\",\"itemListElement\":[{\"@type\":\"ListItem\",\"position\":1,\"name\":\"Home\",\"item\":\"https:\/\/biorami.com\/\"},{\"@type\":\"ListItem\",\"position\":2,\"name\":\"O Nas\"}]},{\"@type\":\"WebSite\",\"@id\":\"https:\/\/biorami.com\/#website\",\"url\":\"https:\/\/biorami.com\/\",\"name\":\"BIORAMI\",\"description\":\"SUSZONE OWOCE, LEN I KONOPIE\",\"potentialAction\":[{\"@type\":\"SearchAction\",\"target\":{\"@type\":\"EntryPoint\",\"urlTemplate\":\"https:\/\/biorami.com\/?s={search_term_string}\"},\"query-input\":{\"@type\":\"PropertyValueSpecification\",\"valueRequired\":true,\"valueName\":\"search_term_string\"}}],\"inLanguage\":\"pl-PL\"}]}<\/script>\n<!-- \/ Yoast SEO plugin. -->","yoast_head_json":{"title":"O Nas - BIORAMI","robots":{"index":"index","follow":"follow","max-snippet":"max-snippet:-1","max-image-preview":"max-image-preview:large","max-video-preview":"max-video-preview:-1"},"canonical":"https:\/\/biorami.com\/?page_id=22","og_locale":"pl_PL","og_type":"article","og_title":"O Nas - BIORAMI","og_url":"https:\/\/biorami.com\/?page_id=22","og_site_name":"BIORAMI","article_modified_time":"2024-03-12T20:49:38+00:00","twitter_card":"summary_large_image","twitter_misc":{"Szacowany czas czytania":"2 minuty"},"schema":{"@context":"https:\/\/schema.org","@graph":[{"@type":"WebPage","@id":"https:\/\/biorami.com\/?page_id=22","url":"https:\/\/biorami.com\/?page_id=22","name":"O Nas - BIORAMI","isPartOf":{"@id":"https:\/\/biorami.com\/#website"},"datePublished":"2023-09-22T16:29:10+00:00","dateModified":"2024-03-12T20:49:38+00:00","breadcrumb":{"@id":"https:\/\/biorami.com\/?page_id=22#breadcrumb"},"inLanguage":"pl-PL","potentialAction":[{"@type":"ReadAction","target":["https:\/\/biorami.com\/?page_id=22"]}]},{"@type":"BreadcrumbList","@id":"https:\/\/biorami.com\/?page_id=22#breadcrumb","itemListElement":[{"@type":"ListItem","position":1,"name":"Home","item":"https:\/\/biorami.com\/"},{"@type":"ListItem","position":2,"name":"O Nas"}]},{"@type":"WebSite","@id":"https:\/\/biorami.com\/#website","url":"https:\/\/biorami.com\/","name":"BIORAMI","description":"SUSZONE OWOCE, LEN I KONOPIE","potentialAction":[{"@type":"SearchAction","target":{"@type":"EntryPoint","urlTemplate":"https:\/\/biorami.com\/?s={search_term_string}"},"query-input":{"@type":"PropertyValueSpecification","valueRequired":true,"valueName":"search_term_string"}}],"inLanguage":"pl-PL"}]}},"_links":{"self":[{"href":"https:\/\/biorami.com\/index.php?rest_route=\/wp\/v2\/pages\/22","targetHints":{"allow":["GET"]}}],"collection":[{"href":"https:\/\/biorami.com\/index.php?rest_route=\/wp\/v2\/pages"}],"about":[{"href":"https:\/\/biorami.com\/index.php?rest_route=\/wp\/v2\/types\/page"}],"author":[{"embeddable":true,"href":"https:\/\/biorami.com\/index.php?rest_route=\/wp\/v2\/users\/1"}],"replies":[{"embeddable":true,"href":"https:\/\/biorami.com\/index.php?rest_route=%2Fwp%2Fv2%2Fcomments&post=22"}],"version-history":[{"count":13,"href":"https:\/\/biorami.com\/index.php?rest_route=\/wp\/v2\/pages\/22\/revisions"}],"predecessor-version":[{"id":1237,"href":"https:\/\/biorami.com\/index.php?rest_route=\/wp\/v2\/pages\/22\/revisions\/1237"}],"wp:attachment":[{"href":"https:\/\/biorami.com\/index.php?rest_route=%2Fwp%2Fv2%2Fmedia&parent=22"}],"curies":[{"name":"wp","href":"https:\/\/api.w.org\/{rel}","templated":true}]}}