{"id":3,"date":"2024-02-15T22:55:36","date_gmt":"2024-02-15T21:55:36","guid":{"rendered":"http:\/\/biorami.com\/?page_id=3"},"modified":"2024-02-21T20:15:47","modified_gmt":"2024-02-21T19:15:47","slug":"polityka-prywatnosci","status":"publish","type":"page","link":"https:\/\/biorami.com\/?page_id=3","title":{"rendered":"Polityka prywatno\u015bci"},"content":{"rendered":"<p><span style=\"color: #ffffff;\"><\/span><\/p>\r\n<p><span style=\"color: #333333;\">\r\n\r\n<\/span><\/p>\r\n<h2 class=\"wp-block-heading\"><span style=\"color: #999999;\">Polityka Prywatno\u015bci<\/span><\/h2>\r\n<p><span style=\"color: #999999;\">\r\n\r\n<\/span><\/p>\r\n<p><span style=\"color: #999999;\">Niniejsza Polityka Prywatno\u015bci zawiera informacje na temat przetwarzania danych osobowych w zwi\u0105zku z korzystaniem z serwis\u00f3w internetowych utrzymywanych przez RAYMAR Sp. z o.o. lub us\u0142ug dost\u0119pnych za po\u015brednictwem tych serwis\u00f3w, w szczeg\u00f3lno\u015bci w zwi\u0105zku ze sk\u0142adaniem zam\u00f3wie\u0144 i zawieraniem um\u00f3w sprzeda\u017cy na odleg\u0142o\u015b\u0107.<\/span><br \/><span style=\"color: #999999;\">Polityka Prywatno\u015bci zawiera informacje wymagane przez przepisy Rozporz\u0105dzenia Parlamentu Europejskiego i Rady 2016\/679 w sprawie ochrony os\u00f3b fizycznych w zwi\u0105zku z przetwarzaniem danych osobowych i w sprawie swobodnego przep\u0142ywu takich danych oraz uchylenia dyrektywy 95\/46\/WE (RODO).<\/span><\/p>\r\n<p><span style=\"color: #999999;\">\r\n\r\n<\/span><\/p>\r\n<h3 class=\"wp-block-heading\"><span style=\"color: #999999;\">1. Dane przetwarzane w zwi\u0105zku z odwiedzaniem i przegl\u0105daniem serwis\u00f3w internetowych<\/span><\/h3>\r\n<p><span style=\"color: #999999;\">\r\n\r\n<\/span><\/p>\r\n<p><span style=\"font-weight: 400; color: #999999;\">a. Dane: adresy IP, pliki cookies i podobne dane o aktywno\u015bci lub urz\u0105dzeniach u\u017cytkownika.<\/span><\/p>\r\n<p><span style=\"color: #999999;\"><span style=\"font-weight: 400;\">b. Administratorem danych jest RAYMAR Sp. z o.o.<\/span><span style=\"font-weight: 400;\"><br \/><\/span><span style=\"font-weight: 400;\">Dane kontaktowe: Nowe Grabie 7, 09-530 G\u0105bin,\u00a0biuro@raymar.pl<\/span><\/span><\/p>\r\n<p><span style=\"color: #999999;\"><span style=\"font-weight: 400;\">c. Dane przetwarzamy w celach:<\/span><span style=\"font-weight: 400;\"><br \/><\/span><\/span><\/p>\r\n<p><span style=\"font-weight: 400; color: #999999;\">&#8211; umo\u017cliwienia wygodnego korzystania z serwis\u00f3w,<br \/><\/span><span style=\"font-weight: 400; color: #999999;\">&#8211; <\/span><span style=\"font-weight: 400; color: #999999;\">monitorowania nadu\u017cy\u0107,<br \/><\/span><span style=\"font-weight: 400; color: #999999;\">&#8211; informowania o tre\u015bciach i us\u0142ugach Raymar Sp. z o.o.,<br \/><\/span><span style=\"font-weight: 400; color: #999999;\">&#8211; udost\u0119pniania przestrzeni reklamowej, prowadzenia marketingu, dopasowania tre\u015bci i reklam do zainteresowa\u0144 u\u017cytkownik\u00f3w,<br \/><\/span><span style=\"font-weight: 400; color: #999999;\">&#8211; prowadzenia statystyk, pomiar\u00f3w jako\u015bci i skuteczno\u015bci,<br \/><\/span><span style=\"font-weight: 400; color: #999999;\">&#8211; obs\u0142ugi reklamacji i zabezpieczenia roszcze\u0144<br \/><\/span><\/p>\r\n<p><span style=\"font-weight: 400; color: #999999;\">d. Podstaw\u0105 przetwarzania danych jest niezb\u0119dno\u015b\u0107 do realizacji ww. cel\u00f3w, kt\u00f3re wynikaj\u0105 z prawnie uzasadnionych interes\u00f3w administratora lub stron trzecich.<\/span><\/p>\r\n<p><span style=\"font-weight: 400; color: #999999;\">e. Prawnie uzasadnione interesy polegaj\u0105 na sta\u0142ym podnoszeniu jako\u015bci, zwi\u0119kszaniu dost\u0119pno\u015bci i liczby os\u00f3b odwiedzaj\u0105cych serwisy lub korzystaj\u0105cych z dost\u0119pnych za po\u015brednictwem serwis\u00f3w, w tym nieodp\u0142atnie, na zwi\u0119kszaniu atrakcyjno\u015bci przestrzeni reklamowej zar\u00f3wno dla reklamodawc\u00f3w, jak i odbiorc\u00f3w reklam.<\/span><\/p>\r\n<p><span style=\"font-weight: 400; color: #999999;\">f. Administrator mo\u017ce udost\u0119pni\u0107 dane innym odbiorcom wy\u0142\u0105cznie na \u017c\u0105danie podmiot\u00f3w do tego uprawnionych przez prawo lub kiedy b\u0119dzie to niezb\u0119dne do realizacji ww. cel\u00f3w np. podmiotom zapewniaj\u0105cym hosting, serwis IT lub sprzeda\u017c b\u0105d\u017a wsparcie sprzeda\u017cy powierzchni reklamowej na naszych serwisach.<\/span><\/p>\r\n<p><span style=\"font-weight: 400; color: #999999;\">g. Administrator przechowuje dane jedynie przez czas, jaki jest niezb\u0119dny dla zrealizowania ww. cel\u00f3w, nie d\u0142u\u017cej ni\u017c do momentu sprzeciwu wobec przetwarzania.<\/span><\/p>\r\n<p><span style=\"color: #999999;\">\r\n\r\n<\/span><\/p>\r\n<h3 class=\"wp-block-heading\"><span style=\"color: #999999;\">2. Dane przetwarzane w zwi\u0105zku z zam\u00f3wieniem newslettera i\/lub alert\u00f3w<\/span><\/h3>\r\n<p><span style=\"color: #999999;\">\r\n\r\n<\/span><\/p>\r\n<p><span style=\"color: #999999;\"><span style=\"font-weight: 400;\">a. Dane: w zwi\u0105zku z zam\u00f3wieniem newslettera przetwarzany mo\u017ce by\u0107 wy\u0142\u0105cznie adres email (je\u015bli u\u017cytkownik nie poda innych danych).<\/span><span style=\"font-weight: 400;\"><br \/><\/span><span style=\"font-weight: 400;\">Administratorem danych jest RAYMAR Sp. z o.o.<\/span><span style=\"font-weight: 400;\"><br \/><\/span><span style=\"font-weight: 400;\">Dane kontaktowe: Nowe Grabie 7, 09-530 G\u0105bin,\u00a0biuro@raymar.pl<\/span><\/span><\/p>\r\n<p><span style=\"font-weight: 400; color: #999999;\">b. Dane przetwarzane b\u0119d\u0105 w celach:<\/span><\/p>\r\n<p><span style=\"font-weight: 400; color: #999999;\">&#8211; przes\u0142ania zam\u00f3wionego newslettera i\/lub alert\u00f3w; weryfikacji uprawnie\u0144 do otrzymywania okre\u015blonych tre\u015bci lub us\u0142ug,<br \/><\/span><span style=\"font-weight: 400; color: #999999;\">&#8211; <\/span><span style=\"color: #999999;\">marketingu us\u0142ug i komunikowania si\u0119 Raymar Sp. z o.o. z korzystaj\u0105cymi z newslettera i\/lub alert\u00f3w,<br \/><\/span><span style=\"color: #999999;\">&#8211; dopasowania tre\u015bci i reklam do zainteresowa\u0144 u\u017cytkownik\u00f3w,<br \/><\/span><span style=\"font-weight: 400; color: #999999;\">&#8211; prowadzenia statystyk, pomiar\u00f3w jako\u015bci i skuteczno\u015bci,<br \/><\/span><span style=\"font-weight: 400; color: #999999;\">&#8211; obs\u0142ugi reklamacji i zabezpieczenia roszcze\u0144.<\/span><\/p>\r\n<p><span style=\"font-weight: 400; color: #999999;\">c. Podstaw\u0105 przetwarzania danych jest niezb\u0119dno\u015b\u0107 do wykonania umowy lub do podj\u0119cia dzia\u0142a\u0144 na \u017c\u0105danie u\u017cytkownika przed zawarciem umowy (cel z lit. c ppkt. i. oraz v.) oraz niezb\u0119dno\u015b\u0107 do realizacji ww. cel\u00f3w, kt\u00f3re wynikaj\u0105 z prawnie uzasadnionych interes\u00f3w administratora lub stron trzecich.<\/span><\/p>\r\n<p><span style=\"font-weight: 400; color: #999999;\">d. Prawnie uzasadnione interesy polegaj\u0105 na sta\u0142ym podnoszeniu jako\u015bci, zwi\u0119kszaniu dost\u0119pno\u015bci i atrakcyjno\u015bci newsletter\u00f3w, alert\u00f3w i innych serwis\u00f3w informacyjnych Raymar Sp. z o.o., zwi\u0119kszeniu ilo\u015bci zamawianych newsletter\u00f3w, zwi\u0119kszaniu atrakcyjno\u015bci przestrzeni reklamowej zar\u00f3wno dla reklamodawc\u00f3w, jak i odbiorc\u00f3w reklam.<\/span><\/p>\r\n<p><span style=\"font-weight: 400; color: #999999;\">e. Administrator mo\u017ce udost\u0119pni\u0107 dane innym odbiorcom wy\u0142\u0105cznie na \u017c\u0105danie podmiot\u00f3w do tego uprawnionych przez prawo lub kiedy b\u0119dzie to niezb\u0119dne do realizacji ww. cel\u00f3w np. podmiotom zapewniaj\u0105cym hosting, serwis IT lub sprzeda\u017c b\u0105d\u017a wsparcie sprzeda\u017cy powierzchni reklamowej na naszych serwisach.<\/span><\/p>\r\n<p><span style=\"font-weight: 400; color: #999999;\">f. Administrator przechowuje dane jedynie przez czas, jaki jest niezb\u0119dny dla zrealizowania ww. cel\u00f3w, nie d\u0142u\u017cej ni\u017c do momentu sprzeciwu wobec przetwarzania.<\/span><\/p>\r\n<p><span style=\"color: #999999;\">\r\n\r\n<\/span><\/p>\r\n<h3 class=\"wp-block-heading\"><span style=\"color: #999999;\">3. Dane przetwarzane w zwi\u0105zku z realizacj\u0105 um\u00f3w z kontrahentami i obs\u0142ug\u0105 zam\u00f3wie\u0144<\/span><\/h3>\r\n<p><span style=\"color: #999999;\">\r\n\r\n<\/span><\/p>\r\n<p><span style=\"font-weight: 400; color: #999999;\">a. Dane: imi\u0119 i nazwisko, adres e-mail, nazwa firmy\/instytucji\/organizacji\/redakcji\/uczelni, stanowisko, kraj, kod pocztowy, miasto, wojew\u00f3dztwo, telefon stacjonarny, telefon kom\u00f3rkowy<\/span><\/p>\r\n<p><span style=\"color: #999999;\"><span style=\"font-weight: 400;\">b. Administratorem danych jest RAYMAR Sp. z o.o.<\/span><span style=\"font-weight: 400;\"><br \/><\/span><span style=\"font-weight: 400;\">Dane kontaktowe: Nowe Grabie 7, 09-530 G\u0105bin,\u00a0biuro@raymar.pl<\/span><\/span><\/p>\r\n<p><span style=\"font-weight: 400; color: #999999;\">c. Dane przetwarzane b\u0119d\u0105 w celach:<\/span><\/p>\r\n<p><span style=\"font-weight: 400; color: #999999;\">&#8211; zawarcia umowy;<br \/><\/span><span style=\"font-weight: 400; color: #999999;\">&#8211; <\/span><span style=\"font-weight: 400; color: #999999;\">wszelkich czynno\u015bci zmierzaj\u0105cych do efektywnego wykonywania zawartej umowy;<br \/><\/span><span style=\"color: #999999;\">&#8211; komunikacji z reprezentantami\/osobami wyznaczonymi do kontaktu ze strony kontrahenta w celu realizacji umowy;<br \/><\/span><span style=\"font-weight: 400; color: #999999;\">&#8211; prowadzenia statystyk, pomiar\u00f3w jako\u015bci i skuteczno\u015bci,<br \/><\/span><span style=\"font-weight: 400; color: #999999;\">&#8211; obs\u0142ugi reklamacji i zabezpieczenia roszcze\u0144.<\/span><\/p>\r\n<p><span style=\"font-weight: 400; color: #999999;\">d. Podstaw\u0105 przetwarzania danych jest niezb\u0119dno\u015b\u0107 do wykonania umowy lub do podj\u0119cia dzia\u0142a\u0144 na \u017c\u0105danie kontrahenta przed zawarciem umowy oraz niezb\u0119dno\u015b\u0107 realizacji ww. cel\u00f3w, kt\u00f3re wynikaj\u0105 z prawnie uzasadnionych interes\u00f3w administratora lub stron trzecich.<\/span><\/p>\r\n<p><span style=\"font-weight: 400; color: #999999;\">e. Prawnie uzasadnione interesy polegaj\u0105 na zawarciu oraz zgodnym z ustalonym warunkami, efektywnym wykonaniu umowy, a tak\u017ce sta\u0142ym podnoszeniu jako\u015bci us\u0142ug RAYMAR Sp. z o.o.<\/span><\/p>\r\n<p><span style=\"font-weight: 400; color: #999999;\">f. Administrator mo\u017ce udost\u0119pni\u0107 dane innym odbiorcom wy\u0142\u0105cznie na \u017c\u0105danie podmiot\u00f3w do tego uprawnionych przez prawo lub kiedy b\u0119dzie to niezb\u0119dne do realizacji ww. cel\u00f3w np. organizatorom, partnerom i sponsorom eventu, podwykonawcom zawartych um\u00f3w; listy takich odbiorc\u00f3w danych b\u0119d\u0105 na bie\u017c\u0105co publikowane i aktualizowane na odpowiednich stronach eventu lub w materia\u0142ach informacyjnych.<\/span><\/p>\r\n<p><span style=\"font-weight: 400; color: #999999;\">g. Administrator przechowuje dane jedynie przez czas, jaki jest niezb\u0119dny dla zrealizowania ww. cel\u00f3w, nie d\u0142u\u017cej ni\u017c do momentu sprzeciwu wobec przetwarzania.<\/span><\/p>\r\n<p><span style=\"color: #999999;\">\r\n\r\n<\/span><\/p>\r\n<h3 class=\"wp-block-heading\"><span style=\"color: #999999;\">4. Pliki cookies<\/span><\/h3>\r\n<p><span style=\"color: #999999;\">\r\n\r\n<\/span><\/p>\r\n<p><span style=\"font-weight: 400; color: #999999;\">Pliki cookies (ciasteczka) to ma\u0142e pliki tekstowe, kt\u00f3re mog\u0105 by\u0107 stosowane przez strony internetowe, aby u\u017cytkownicy mogli korzysta\u0107 ze stron w bardziej sprawny spos\u00f3b.<\/span><\/p>\r\n<p><span style=\"font-weight: 400; color: #999999;\">Prawo stanowi, \u017ce mo\u017cemy przechowywa\u0107 pliki cookie na urz\u0105dzeniu u\u017cytkownika, je\u015bli jest to niezb\u0119dne do funkcjonowania niniejszej strony. Do wszystkich innych rodzaj\u00f3w plik\u00f3w cookie potrzebujemy zezwolenia u\u017cytkownika.<\/span><\/p>\r\n<p><span style=\"color: #999999;\"><span style=\"font-weight: 400;\">Strona <\/span><a style=\"color: #999999;\" href=\"http:\/\/www.biorami.com\"><span style=\"font-weight: 400;\">www.biorami.com<\/span><\/a><span style=\"font-weight: 400;\"> oraz <\/span><a style=\"color: #999999;\" href=\"http:\/\/www.raymar.pl\"><span style=\"font-weight: 400;\">www.raymar.pl<\/span><\/a><span style=\"font-weight: 400;\"> korzysta z r\u00f3\u017cnych rodzaj\u00f3w plik\u00f3w cookie. Niekt\u00f3re pliki cookie umieszczane s\u0105 przez us\u0142ugi stron trzecich, kt\u00f3re pojawiaj\u0105 si\u0119 na naszych stronach.<\/span><\/span><\/p>\r\n<p><span style=\"font-weight: 400; color: #999999;\">Wykorzystujemy pliki cookie do spersonalizowania tre\u015bci i reklam, aby oferowa\u0107 funkcje spo\u0142eczno\u015bciowe i analizowa\u0107 ruch w naszej witrynie.\u00a0<\/span><\/p>\r\n<p><span style=\"font-weight: 400; color: #999999;\">Dowiedz si\u0119 wi\u0119cej na temat tego, kim jeste\u015bmy, jak mo\u017cna si\u0119 z nami skontaktowa\u0107 i w jaki spos\u00f3b przetwarzamy dane osobowe w ramach Polityki prywatno\u015bci.<\/span><\/p>\r\n<p><span style=\"color: #999999;\">\r\n\r\n<\/span><\/p>\r\n<h3 class=\"wp-block-heading\"><span style=\"color: #999999;\">5. Informacje o przys\u0142uguj\u0105cych prawach<\/span><\/h3>\r\n<p><span style=\"color: #999999;\">\r\n\r\n<\/span><\/p>\r\n<p><span style=\"font-weight: 400; color: #999999;\">W zwi\u0105zku z przetwarzaniem danych osobowych u\u017cytkownikowi (osobie, kt\u00f3rej dane dotycz\u0105) przys\u0142uguj\u0105 nast\u0119puj\u0105ce prawa:<\/span><\/p>\r\n<p><span style=\"font-weight: 400; color: #999999;\">a. prawo \u017c\u0105dania dost\u0119pu do danych,<br \/>b. <\/span><span style=\"font-weight: 400; color: #999999;\">prawo \u017c\u0105dania sprostowania danych;<br \/><\/span><span style=\"font-weight: 400; color: #999999;\">c. prawo \u017c\u0105dania usuni\u0119cia danych,<br \/><\/span><span style=\"font-weight: 400; color: #999999;\">d. prawo \u017c\u0105dania przeniesienia danych,<br \/><\/span><span style=\"font-weight: 400; color: #999999;\">e. prawo \u017c\u0105dania ograniczenia przetwarzania danych,<br \/><\/span><span style=\"font-weight: 400; color: #999999;\">f. prawo do niepodlegania zautomatyzowanemu podejmowaniu decyzji, w tym profilowaniu,<br \/><\/span><span style=\"font-weight: 400; color: #999999;\">g. prawo wniesienia sprzeciwu wobec przetwarzania danych osobowych,<br \/><\/span><span style=\"font-weight: 400; color: #999999;\">h. prawo do cofni\u0119cia zgody w dowolnym momencie (np. poprzez zg\u0142oszenie na adres biuro@raymar.pl) bez wp\u0142ywu na zgodno\u015b\u0107 z prawem przetwarzania, kt\u00f3rego dokonano na podstawie zgody przed jej cofni\u0119ciem,<br \/><\/span><span style=\"font-weight: 400; color: #999999;\">i. prawo wniesienia skargi dotycz\u0105cej przetwarzania danych osobowych do w\u0142a\u015bciwego organu nadzoru.<\/span><\/p>\r\n<p><span style=\"color: #999999;\">\r\n\r\n<\/span><\/p>\r\n<h3 class=\"wp-block-heading\"><span style=\"color: #999999;\">Wszelkie zapytania i \u017c\u0105dania zwi\u0105zane z przetwarzaniem danych osobowych nale\u017cy kierowa\u0107 na adres administratora danych osobowych: biuro@raymar.pl<\/span><\/h3>\r\n<p><span style=\"color: #333333;\">\r\n\r\n<\/span><\/p>\r\n<p><span style=\"color: #ffffff;\"><\/span><\/p>","protected":false},"excerpt":{"rendered":"<p>Polityka Prywatno\u015bci Niniejsza Polityka Prywatno\u015bci zawiera informacje na temat przetwarzania [&hellip;]<\/p>\n","protected":false},"author":1,"featured_media":0,"parent":0,"menu_order":0,"comment_status":"closed","ping_status":"open","template":"","meta":{"footnotes":""},"class_list":["post-3","page","type-page","status-publish","hentry"],"yoast_head":"<!-- This site is optimized with the Yoast SEO plugin v24.0 - https:\/\/yoast.com\/wordpress\/plugins\/seo\/ -->\n<title>Polityka prywatno\u015bci - BIORAMI<\/title>\n<meta name=\"robots\" content=\"index, follow, max-snippet:-1, max-image-preview:large, max-video-preview:-1\" \/>\n<link rel=\"canonical\" href=\"https:\/\/biorami.com\/?page_id=3\" \/>\n<meta property=\"og:locale\" content=\"pl_PL\" \/>\n<meta property=\"og:type\" content=\"article\" \/>\n<meta property=\"og:title\" content=\"Polityka prywatno\u015bci - BIORAMI\" \/>\n<meta property=\"og:description\" content=\"Polityka Prywatno\u015bci Niniejsza Polityka Prywatno\u015bci zawiera informacje na temat przetwarzania [&hellip;]\" \/>\n<meta property=\"og:url\" content=\"https:\/\/biorami.com\/?page_id=3\" \/>\n<meta property=\"og:site_name\" content=\"BIORAMI\" \/>\n<meta property=\"article:modified_time\" content=\"2024-02-21T19:15:47+00:00\" \/>\n<meta name=\"twitter:card\" content=\"summary_large_image\" \/>\n<meta name=\"twitter:label1\" content=\"Szacowany czas czytania\" \/>\n\t<meta name=\"twitter:data1\" content=\"6 minut\" \/>\n<script type=\"application\/ld+json\" class=\"yoast-schema-graph\">{\"@context\":\"https:\/\/schema.org\",\"@graph\":[{\"@type\":\"WebPage\",\"@id\":\"https:\/\/biorami.com\/?page_id=3\",\"url\":\"https:\/\/biorami.com\/?page_id=3\",\"name\":\"Polityka prywatno\u015bci - BIORAMI\",\"isPartOf\":{\"@id\":\"https:\/\/biorami.com\/#website\"},\"datePublished\":\"2024-02-15T21:55:36+00:00\",\"dateModified\":\"2024-02-21T19:15:47+00:00\",\"breadcrumb\":{\"@id\":\"https:\/\/biorami.com\/?page_id=3#breadcrumb\"},\"inLanguage\":\"pl-PL\",\"potentialAction\":[{\"@type\":\"ReadAction\",\"target\":[\"https:\/\/biorami.com\/?page_id=3\"]}]},{\"@type\":\"BreadcrumbList\",\"@id\":\"https:\/\/biorami.com\/?page_id=3#breadcrumb\",\"itemListElement\":[{\"@type\":\"ListItem\",\"position\":1,\"name\":\"Home\",\"item\":\"https:\/\/biorami.com\/\"},{\"@type\":\"ListItem\",\"position\":2,\"name\":\"Polityka prywatno\u015bci\"}]},{\"@type\":\"WebSite\",\"@id\":\"https:\/\/biorami.com\/#website\",\"url\":\"https:\/\/biorami.com\/\",\"name\":\"BIORAMI\",\"description\":\"SUSZONE OWOCE, LEN I KONOPIE\",\"potentialAction\":[{\"@type\":\"SearchAction\",\"target\":{\"@type\":\"EntryPoint\",\"urlTemplate\":\"https:\/\/biorami.com\/?s={search_term_string}\"},\"query-input\":{\"@type\":\"PropertyValueSpecification\",\"valueRequired\":true,\"valueName\":\"search_term_string\"}}],\"inLanguage\":\"pl-PL\"}]}<\/script>\n<!-- \/ Yoast SEO plugin. -->","yoast_head_json":{"title":"Polityka prywatno\u015bci - BIORAMI","robots":{"index":"index","follow":"follow","max-snippet":"max-snippet:-1","max-image-preview":"max-image-preview:large","max-video-preview":"max-video-preview:-1"},"canonical":"https:\/\/biorami.com\/?page_id=3","og_locale":"pl_PL","og_type":"article","og_title":"Polityka prywatno\u015bci - BIORAMI","og_description":"Polityka Prywatno\u015bci Niniejsza Polityka Prywatno\u015bci zawiera informacje na temat przetwarzania [&hellip;]","og_url":"https:\/\/biorami.com\/?page_id=3","og_site_name":"BIORAMI","article_modified_time":"2024-02-21T19:15:47+00:00","twitter_card":"summary_large_image","twitter_misc":{"Szacowany czas czytania":"6 minut"},"schema":{"@context":"https:\/\/schema.org","@graph":[{"@type":"WebPage","@id":"https:\/\/biorami.com\/?page_id=3","url":"https:\/\/biorami.com\/?page_id=3","name":"Polityka prywatno\u015bci - BIORAMI","isPartOf":{"@id":"https:\/\/biorami.com\/#website"},"datePublished":"2024-02-15T21:55:36+00:00","dateModified":"2024-02-21T19:15:47+00:00","breadcrumb":{"@id":"https:\/\/biorami.com\/?page_id=3#breadcrumb"},"inLanguage":"pl-PL","potentialAction":[{"@type":"ReadAction","target":["https:\/\/biorami.com\/?page_id=3"]}]},{"@type":"BreadcrumbList","@id":"https:\/\/biorami.com\/?page_id=3#breadcrumb","itemListElement":[{"@type":"ListItem","position":1,"name":"Home","item":"https:\/\/biorami.com\/"},{"@type":"ListItem","position":2,"name":"Polityka prywatno\u015bci"}]},{"@type":"WebSite","@id":"https:\/\/biorami.com\/#website","url":"https:\/\/biorami.com\/","name":"BIORAMI","description":"SUSZONE OWOCE, LEN I KONOPIE","potentialAction":[{"@type":"SearchAction","target":{"@type":"EntryPoint","urlTemplate":"https:\/\/biorami.com\/?s={search_term_string}"},"query-input":{"@type":"PropertyValueSpecification","valueRequired":true,"valueName":"search_term_string"}}],"inLanguage":"pl-PL"}]}},"_links":{"self":[{"href":"https:\/\/biorami.com\/index.php?rest_route=\/wp\/v2\/pages\/3","targetHints":{"allow":["GET"]}}],"collection":[{"href":"https:\/\/biorami.com\/index.php?rest_route=\/wp\/v2\/pages"}],"about":[{"href":"https:\/\/biorami.com\/index.php?rest_route=\/wp\/v2\/types\/page"}],"author":[{"embeddable":true,"href":"https:\/\/biorami.com\/index.php?rest_route=\/wp\/v2\/users\/1"}],"replies":[{"embeddable":true,"href":"https:\/\/biorami.com\/index.php?rest_route=%2Fwp%2Fv2%2Fcomments&post=3"}],"version-history":[{"count":15,"href":"https:\/\/biorami.com\/index.php?rest_route=\/wp\/v2\/pages\/3\/revisions"}],"predecessor-version":[{"id":1303,"href":"https:\/\/biorami.com\/index.php?rest_route=\/wp\/v2\/pages\/3\/revisions\/1303"}],"wp:attachment":[{"href":"https:\/\/biorami.com\/index.php?rest_route=%2Fwp%2Fv2%2Fmedia&parent=3"}],"curies":[{"name":"wp","href":"https:\/\/api.w.org\/{rel}","templated":true}]}}